{"id":2721,"date":"2023-02-27T00:54:22","date_gmt":"2023-02-26T22:54:22","guid":{"rendered":"https:\/\/janisnicmanis20-work.colibriwp.com\/business\/?page_id=2721"},"modified":"2023-06-10T00:26:10","modified_gmt":"2023-06-09T22:26:10","slug":"celu-markesanas-stradnieks","status":"publish","type":"page","link":"https:\/\/l-ko.lv\/en\/celu-markesanas-stradnieks\/","title":{"rendered":"Vakances &#8211; CE\u013bU MAR\u0136\u0112\u0160AS STR\u0100DNIEKS"},"content":{"rendered":"<div data-colibri-id=\"2721-c1\" class=\"style-1222 style-local-2721-c1 position-relative\">\n  <!---->\n  <div data-colibri-component=\"section\" data-colibri-id=\"2721-c2\" id=\"reusable-sections\" class=\"h-section h-section-global-spacing d-flex align-items-lg-center align-items-md-center align-items-center style-1223 style-local-2721-c2 position-relative\">\n    <!---->\n    <!---->\n    <div class=\"h-section-grid-container h-section-fluid-container\">\n      <!---->\n      <div data-colibri-id=\"2721-c3\" class=\"h-row-container gutters-row-lg-0 gutters-row-md-0 gutters-row-0 gutters-row-v-lg-0 gutters-row-v-md-0 gutters-row-v-0 style-1224 style-local-2721-c3 position-relative\">\n        <!---->\n        <div class=\"h-row justify-content-lg-center justify-content-md-center justify-content-center align-items-lg-stretch align-items-md-stretch align-items-stretch gutters-col-lg-0 gutters-col-md-0 gutters-col-0 gutters-col-v-lg-0 gutters-col-v-md-0 gutters-col-v-0\">\n          <!---->\n          <div class=\"h-column h-column-container d-flex h-col-lg-auto h-col-md-auto h-col-auto style-1225-outer style-local-2721-c4-outer\">\n            <div data-colibri-id=\"2721-c4\" class=\"d-flex h-flex-basis h-column__inner h-px-lg-0 h-px-md-0 h-px-0 v-inner-lg-0 v-inner-md-0 v-inner-0 style-1225 style-local-2721-c4 position-relative\">\n              <!---->\n              <!---->\n              <div class=\"w-100 h-y-container h-column__content h-column__v-align flex-basis-100 align-self-lg-start align-self-md-start align-self-start\">\n                <!---->\n                <div data-colibri-id=\"2721-c5\" class=\"h-global-transition-all h-heading style-1226 style-local-2721-c5 position-relative h-element\">\n                  <!---->\n                  <div class=\"h-heading__outer style-1226 style-local-2721-c5\">\n                    <!---->\n                    <!---->\n                    <h1 class=\"\">Vacancies<\/h1>\n                  <\/div>\n                <\/div>\n              <\/div>\n            <\/div>\n          <\/div>\n        <\/div>\n      <\/div>\n      <div data-colibri-id=\"2721-c6\" class=\"h-row-container gutters-row-lg-2 gutters-row-md-2 gutters-row-0 gutters-row-v-lg-2 gutters-row-v-md-2 gutters-row-v-0 style-1227 style-local-2721-c6 position-relative\">\n        <!---->\n        <div class=\"h-row justify-content-lg-center justify-content-md-center justify-content-center align-items-lg-stretch align-items-md-stretch align-items-stretch gutters-col-lg-2 gutters-col-md-2 gutters-col-0 gutters-col-v-lg-2 gutters-col-v-md-2 gutters-col-v-0\">\n          <!---->\n          <div class=\"h-column h-column-container d-flex h-col-lg-auto h-col-md-auto h-col-auto style-1228-outer style-local-2721-c7-outer\">\n            <div data-colibri-id=\"2721-c7\" class=\"d-flex h-flex-basis h-column__inner h-px-lg-0 h-px-md-0 h-px-0 v-inner-lg-0 v-inner-md-0 v-inner-0 style-1228 style-local-2721-c7 position-relative\">\n              <!---->\n              <!---->\n              <div class=\"w-100 h-y-container h-column__content h-column__v-align flex-basis-100 align-self-lg-start align-self-md-start align-self-start\">\n                <!---->\n                <div data-colibri-id=\"2721-c8\" class=\"d-block style-1229 style-local-2721-c8 position-relative h-element\">\n                  <!---->\n                  <div class=\"h-image__frame-container-outer\">\n                    <div class=\"h-image__frame-container\">\n                      <!---->\n                      <!---->\n                      <img loading=\"lazy\" decoding=\"async\" width=\"1018\" height=\"957\" src=\"https:\/\/l-ko.lv\/en\/wp-content\/uploads\/2023\/03\/cropped-IMG_0569-Copy.jpg\" class=\"wp-image-3210 style-1229-image style-local-2721-c8-image\" alt=\"\" srcset=\"https:\/\/l-ko.lv\/en\/wp-content\/uploads\/2023\/03\/cropped-IMG_0569-Copy.jpg 1018w, https:\/\/l-ko.lv\/en\/wp-content\/uploads\/2023\/03\/cropped-IMG_0569-Copy-300x282.jpg 300w, https:\/\/l-ko.lv\/en\/wp-content\/uploads\/2023\/03\/cropped-IMG_0569-Copy-768x722.jpg 768w, https:\/\/l-ko.lv\/en\/wp-content\/uploads\/2023\/03\/cropped-IMG_0569-Copy-600x564.jpg 600w\" sizes=\"auto, (max-width: 1018px) 100vw, 1018px\" \/>\n                      <div class=\"h-image__frame h-hide-lg h-hide-md h-hide-sm style-1229-frameImage style-local-2721-c8-frameImage\"><\/div>\n                    <\/div>\n                  <\/div>\n                <\/div>\n              <\/div>\n            <\/div>\n          <\/div>\n          <div class=\"h-column h-column-container d-flex h-col-lg-auto h-col-md-auto h-col-auto style-1230-outer style-local-2721-c9-outer\">\n            <div data-colibri-id=\"2721-c9\" class=\"d-flex h-flex-basis h-column__inner h-px-lg-2 h-px-md-2 h-px-0 v-inner-lg-2 v-inner-md-2 v-inner-2 style-1230 style-local-2721-c9 position-relative\">\n              <!---->\n              <!---->\n              <div class=\"w-100 h-y-container h-column__content h-column__v-align flex-basis-100 align-self-lg-start align-self-md-start align-self-start\">\n                <!---->\n                <div data-colibri-id=\"2721-c10\" class=\"h-text h-text-component style-1231 style-local-2721-c10 position-relative h-element\">\n                  <!---->\n                  <!---->\n                  <div class=\"\">\n                    <p>ROAD MARKING WORKER<\/p>\n                  <\/div>\n                <\/div>\n                <div data-colibri-id=\"2721-c11\" class=\"h-text h-text-component style-1232 style-local-2721-c11 position-relative h-element\">\n                  <!---->\n                  <!---->\n                  <div class=\"\">\n                    <p><strong style=\"font-weight: 700;\">Requirements:<\/strong><\/p>\n                    <p><strong style=\"font-weight: 700; color: rgb(47, 190, 47); font-size: 16px; font-family: Montserrat;\">&#8211;<\/strong><span style=\"font-weight: 300; color: rgb(85, 85, 85); font-size: 16px; font-family: Montserrat;\">&nbsp;<\/span>Experience\n                      in the construction industry;<\/p>\n                    <p><strong style=\"font-weight: 700; color: rgb(47, 190, 47); font-size: 16px; font-family: Montserrat;\">&#8211;<\/strong><span style=\"font-weight: 300; color: rgb(85, 85, 85); font-size: 16px; font-family: Montserrat;\">&nbsp;<\/span>Accuracy,\n                      responsibility;<\/p>\n                    <p><strong style=\"font-weight: 700; color: rgb(47, 190, 47); font-size: 16px; font-family: Montserrat;\">&#8211;<\/strong><span style=\"font-weight: 300; color: rgb(85, 85, 85); font-size: 16px; font-family: Montserrat;\">&nbsp;<\/span>Without harmful\n                      habits;<\/p>\n                    <p><strong style=\"font-weight: 700; color: rgb(47, 190, 47); font-size: 16px; font-family: Montserrat;\">&#8211;<\/strong><span style=\"font-weight: 300; color: rgb(85, 85, 85); font-size: 16px; font-family: Montserrat;\">&nbsp;<\/span>Honest attitude\n                      towards work;<\/p>\n                    <p><strong style=\"font-weight: 700; color: rgb(47, 190, 47); font-size: 16px; font-family: Montserrat;\">&#8211;<\/strong><span style=\"font-weight: 300; color: rgb(85, 85, 85); font-size: 16px; font-family: Montserrat;\">&nbsp;<\/span>Category\n                      B driver&#8217;s license is preferred.<\/p>\n                    <p>\n                      <br>\n                    <\/p>\n                    <p><strong style=\"font-weight: 700;\">We offer:<\/strong><\/p>\n                    <p><strong style=\"font-weight: 700; color: rgb(47, 190, 47); font-size: 16px; font-family: Montserrat;\">&#8211;<\/strong><span style=\"font-weight: 300; color: rgb(85, 85, 85); font-size: 16px; font-family: Montserrat;\">&nbsp;<\/span>Interesting\n                      and dynamic work in a stable company;<\/p>\n                    <p><strong style=\"font-weight: 700; color: rgb(47, 190, 47); font-size: 16px; font-family: Montserrat;\">&#8211;<\/strong><span style=\"font-weight: 300; color: rgb(85, 85, 85); font-size: 16px; font-family: Montserrat;\">&nbsp;<\/span>Professional\n                      growth opportunities;<\/p>\n                    <p><strong style=\"font-weight: 700; color: rgb(47, 190, 47); font-size: 16px; font-family: Montserrat;\">&#8211;<\/strong><span style=\"font-weight: 300; color: rgb(85, 85, 85); font-size: 16px; font-family: Montserrat;\">&nbsp;<\/span>A motivating\n                      salary of 1200 \u2013 1800 EUR per month before tax;<\/p>\n                    <p><strong style=\"font-weight: 700; color: rgb(47, 190, 47); font-size: 16px; font-family: Montserrat;\">&#8211;<\/strong><span style=\"font-weight: 300; color: rgb(85, 85, 85); font-size: 16px; font-family: Montserrat;\">&nbsp;<\/span>Social guarantees.<\/p>\n                    <p>\n                      <br>\n                    <\/p>\n                    <p>Please send your CV to l-ko@balticom.lv with the reference &#8220;ROAD MARKING WORKER&#8221;.<\/p>\n                    <p>We will inform about the results of the selection only to the applicants invited for job interviews.<\/p>\n                    <p>By applying for a vacancy, the applicant agrees to the processing of personal data specified in the application documents during the personnel selection process.<\/p>\n                    <p>Controller of personal data: CBF \u201c\u013b-KO\u201d, registration no.: 40003196584, address: Austuves Street 27, Riga, LV-1063.<\/p>\n                  <\/div>\n                <\/div>\n                <div data-colibri-id=\"2721-c12\" class=\"h-text h-text-component style-1231 style-local-2721-c12 position-relative h-element\">\n                  <!---->\n                  <!---->\n                  <div class=\"\">\n                    <p>APPLY FOR<\/p>\n                  <\/div>\n                <\/div>\n                <div data-colibri-id=\"2721-c13\" class=\"h-row-container gutters-row-lg-2 gutters-row-md-2 gutters-row-0 gutters-row-v-lg-2 gutters-row-v-md-2 gutters-row-v-2 style-1262 style-local-2721-c13 position-relative\">\n                  <!---->\n                  <div class=\"h-row justify-content-lg-start justify-content-md-start justify-content-start align-items-lg-stretch align-items-md-stretch align-items-stretch gutters-col-lg-2 gutters-col-md-2 gutters-col-0 gutters-col-v-lg-2 gutters-col-v-md-2 gutters-col-v-2\">\n                    <!---->\n                    <div class=\"h-column h-column-container d-flex h-col-lg-auto h-col-md-auto h-col-auto style-1263-outer style-local-2721-c14-outer\">\n                      <div data-colibri-id=\"2721-c14\" class=\"d-flex h-flex-basis h-column__inner h-px-lg-2 h-px-md-2 h-px-2 v-inner-lg-2 v-inner-md-2 v-inner-2 style-1263 style-local-2721-c14 position-relative\">\n                        <!---->\n                        <!---->\n                        <div class=\"w-100 h-y-container h-column__content h-column__v-align flex-basis-100 align-self-lg-start align-self-md-start align-self-start\">\n                          <!---->\n                          <div data-colibri-id=\"2721-c15\" class=\"h-text h-text-component style-1261 style-local-2721-c15 position-relative h-element\">\n                            <!---->\n                            <!---->\n                            <div class=\"\">\n                              <div class=\"forminator-ui forminator-custom-form forminator-custom-form-2971 forminator-design--default  forminator_ajax\" data-forminator-render=\"0\" data-form=\"forminator-module-2971\" data-uid=\"69f3e16ba8de7\"><br\/><\/div><form\n\t\t\t\tid=\"forminator-module-2971\"\n\t\t\t\tclass=\"forminator-ui forminator-custom-form forminator-custom-form-2971 forminator-design--default  forminator_ajax\"\n\t\t\t\tmethod=\"post\"\n\t\t\t\tdata-forminator-render=\"0\"\n\t\t\t\tdata-form-id=\"2971\"\n\t\t\t\t\n\t\t\t\tdata-design=\"default\"\n\t\t\t\t\n\t\t\t\t\n\t\t\t\t\n\t\t\t\tdata-grid=\"open\"\n\t\t\t\tenctype=\"multipart\/form-data\"\n\t\t\t\t\n\t\t\t\tstyle=\"display: none;\"\n\t\t\t\t\n\t\t\t\tdata-uid=\"69f3e16ba8de7\"\n\t\t\t><div role=\"alert\" aria-live=\"polite\" class=\"forminator-response-message forminator-error\" aria-hidden=\"true\"><\/div><div class=\"forminator-row\"><div id=\"name-1\" class=\"forminator-col forminator-col-12 \"><div class=\"forminator-field\"><label for=\"forminator-field-name-1_69f3e16ba8de7\" class=\"forminator-label\" id=\"forminator-field-name-1_69f3e16ba8de7-label\">Name and surname <span class=\"forminator-required\">*<\/span><\/label><input type=\"text\" name=\"name-1\" value=\"\" placeholder=\"\" id=\"forminator-field-name-1_69f3e16ba8de7\" class=\"forminator-input forminator-name--field\" aria-required=\"true\" \/><\/div><\/div><\/div><div class=\"forminator-row\"><div id=\"email-1\" class=\"forminator-col forminator-col-12 \"><div class=\"forminator-field\"><label for=\"forminator-field-email-1_69f3e16ba8de7\" class=\"forminator-label\" id=\"forminator-field-email-1_69f3e16ba8de7-label\">E-mail <span class=\"forminator-required\">*<\/span><\/label><input type=\"email\" name=\"email-1\" value=\"\" placeholder=\"\" id=\"forminator-field-email-1_69f3e16ba8de7\" class=\"forminator-input forminator-email--field\" data-required=\"1\" aria-required=\"true\" \/><\/div><\/div><\/div><div class=\"forminator-row\"><div id=\"phone-1\" class=\"forminator-col forminator-col-12 \"><div class=\"forminator-field\"><label for=\"forminator-field-phone-1_69f3e16ba8de7\" class=\"forminator-label\" id=\"forminator-field-phone-1_69f3e16ba8de7-label\">Phone <span class=\"forminator-required\">*<\/span><\/label><input type=\"text\" name=\"phone-1\" value=\"\" placeholder=\"\" id=\"forminator-field-phone-1_69f3e16ba8de7\" class=\"forminator-input forminator-field--phone\" data-required=\"1\" aria-required=\"true\" autocomplete=\"off\" \/><\/div><\/div><\/div><div class=\"forminator-row\"><div id=\"upload-1\" class=\"forminator-col forminator-col-12 \"><div class=\"forminator-field\"><label for=\"forminator-field-upload-1_69f3e16ba8de7\" class=\"forminator-label\">Upload CV <span class=\"forminator-required\">*<\/span><\/label><div class=\"forminator-file-upload \" data-element=\"upload-1_69f3e16ba8de7\" aria-describedby=\"forminator-field-upload-1_69f3e16ba8de7-description\"><input type=\"file\" name=\"upload-1\" id=\"forminator-field-upload-1_69f3e16ba8de7\" class=\"forminator-input-file-required do-validate\" accept=\".webp,.pdf,.doc,.pot,.pps,.ppt,.wri,.mdb,.mpp,.docx,.docm,.dotx,.dotm,.onetoc,.onetoc2,.onetmp,.onepkg,.oxps,.xps,.odt,.odp,.odg,.odc,.odb,.odf,.wp,.wpd,.pages,.zip,.xlsx,.pptx\"><button id=\"forminator-field-upload-1_69f3e16ba8de7_button\" class=\"forminator-button forminator-button-upload\" data-id=\"forminator-field-upload-1_69f3e16ba8de7\">Choose File<\/button><span data-empty-text=\"No file chosen\">No file chosen<\/span><button class=\"forminator-button-delete\" style=\"display: none;\"><i class=\"forminator-icon-close\" aria-hidden=\"true\"><\/i><span class=\"forminator-screen-reader-only\">Delete uploaded file<\/span><\/button><\/div><\/div><\/div><\/div><div class=\"forminator-row\"><div id=\"captcha-1\" class=\"forminator-col forminator-col-12 \"><div class=\"forminator-g-recaptcha\" data-theme=\"light\"  data-sitekey=\"6LeGydAlAAAAABnsJbVHtb-HoldCfE-xQ-gApfUM\" data-size=\"normal\"><\/div> <\/div><\/div><input type=\"hidden\" name=\"referer_url\" value=\"\" \/><div class=\"forminator-row forminator-row-last\"><div class=\"forminator-col\"><div class=\"forminator-field\"><button class=\"forminator-button forminator-button-submit\">Send an application<\/button><\/div><\/div><\/div><input type=\"hidden\" id=\"forminator_nonce\" name=\"forminator_nonce\" value=\"7073550f92\" \/><input type=\"hidden\" name=\"_wp_http_referer\" value=\"\/en\/wp-json\/wp\/v2\/pages\/2721\" \/><input type=\"hidden\" name=\"form_id\" value=\"2971\"><input type=\"hidden\" name=\"page_id\" value=\"2721\"><input type=\"hidden\" name=\"form_type\" value=\"default\"><input type=\"hidden\" name=\"current_url\" value=\"https:\/\/l-ko.lv\/en\/celu-markesanas-stradnieks\/\"><input type=\"hidden\" name=\"render_id\" value=\"0\"><input type=\"hidden\" name=\"action\" value=\"forminator_submit_form_custom-forms\"><\/form>\n                            <\/div>\n                          <\/div>\n                        <\/div>\n                      <\/div>\n                    <\/div>\n                  <\/div>\n                <\/div>\n              <\/div>\n            <\/div>\n          <\/div>\n        <\/div>\n      <\/div>\n    <\/div>\n  <\/div>\n<\/div>","protected":false},"excerpt":{"rendered":"<p>Vacancies ROAD MARKING WORKER Requirements: &#8211;&nbsp;Experience in the construction industry; &#8211;&nbsp;Accuracy, responsibility; &#8211;&nbsp;Without harmful habits; &#8211;&nbsp;Honest attitude towards work; &#8211;&nbsp;Category B driver&#8217;s license is preferred. We offer: &#8211;&nbsp;Interesting and dynamic work in a stable company; &#8211;&nbsp;Professional growth opportunities; &#8211;&nbsp;A motivating salary of 1200 \u2013 1800 EUR per month before tax; &#8211;&nbsp;Social guarantees. Please send your [&hellip;]<\/p>\n","protected":false},"author":1,"featured_media":0,"parent":0,"menu_order":0,"comment_status":"closed","ping_status":"closed","template":"page-templates\/full-width-page.php","meta":{"footnotes":""},"class_list":["post-2721","page","type-page","status-publish","hentry"],"_links":{"self":[{"href":"https:\/\/l-ko.lv\/en\/wp-json\/wp\/v2\/pages\/2721","targetHints":{"allow":["GET"]}}],"collection":[{"href":"https:\/\/l-ko.lv\/en\/wp-json\/wp\/v2\/pages"}],"about":[{"href":"https:\/\/l-ko.lv\/en\/wp-json\/wp\/v2\/types\/page"}],"author":[{"embeddable":true,"href":"https:\/\/l-ko.lv\/en\/wp-json\/wp\/v2\/users\/1"}],"replies":[{"embeddable":true,"href":"https:\/\/l-ko.lv\/en\/wp-json\/wp\/v2\/comments?post=2721"}],"version-history":[{"count":16,"href":"https:\/\/l-ko.lv\/en\/wp-json\/wp\/v2\/pages\/2721\/revisions"}],"predecessor-version":[{"id":3759,"href":"https:\/\/l-ko.lv\/en\/wp-json\/wp\/v2\/pages\/2721\/revisions\/3759"}],"wp:attachment":[{"href":"https:\/\/l-ko.lv\/en\/wp-json\/wp\/v2\/media?parent=2721"}],"curies":[{"name":"wp","href":"https:\/\/api.w.org\/{rel}","templated":true}]}}