{"id":2659,"date":"2023-02-27T00:10:17","date_gmt":"2023-02-26T22:10:17","guid":{"rendered":"https:\/\/janisnicmanis20-work.colibriwp.com\/business\/vakances-satiksmes-organizacijas-inzenieris\/"},"modified":"2024-02-06T15:37:12","modified_gmt":"2024-02-06T13:37:12","slug":"celu-buves-stradnieks","status":"publish","type":"page","link":"https:\/\/l-ko.lv\/lv\/celu-buves-stradnieks\/","title":{"rendered":"Vakances &#8211; CE\u013bU B\u016aVES STR\u0100DNIEKS"},"content":{"rendered":"<div data-colibri-id=\"2659-c1\" class=\"style-1189 style-local-2659-c1 position-relative\">\n  <!---->\n  <div data-colibri-component=\"section\" data-colibri-id=\"2659-c2\" id=\"reusable-sections\" class=\"h-section h-section-global-spacing d-flex align-items-lg-center align-items-md-center align-items-center style-1201 style-local-2659-c2 position-relative\">\n    <!---->\n    <!---->\n    <div class=\"h-section-grid-container h-section-fluid-container\">\n      <!---->\n      <div data-colibri-id=\"2659-c3\" class=\"h-row-container gutters-row-lg-0 gutters-row-md-0 gutters-row-0 gutters-row-v-lg-0 gutters-row-v-md-0 gutters-row-v-0 style-1206 style-local-2659-c3 position-relative\">\n        <!---->\n        <div class=\"h-row justify-content-lg-center justify-content-md-center justify-content-center align-items-lg-stretch align-items-md-stretch align-items-stretch gutters-col-lg-0 gutters-col-md-0 gutters-col-0 gutters-col-v-lg-0 gutters-col-v-md-0 gutters-col-v-0\">\n          <!---->\n          <div class=\"h-column h-column-container d-flex h-col-lg-auto h-col-md-auto h-col-auto style-1207-outer style-local-2659-c4-outer\">\n            <div data-colibri-id=\"2659-c4\" class=\"d-flex h-flex-basis h-column__inner h-px-lg-0 h-px-md-0 h-px-0 v-inner-lg-0 v-inner-md-0 v-inner-0 style-1207 style-local-2659-c4 position-relative\">\n              <!---->\n              <!---->\n              <div class=\"w-100 h-y-container h-column__content h-column__v-align flex-basis-100 align-self-lg-start align-self-md-start align-self-start\">\n                <!---->\n                <div data-colibri-id=\"2659-c5\" class=\"h-global-transition-all h-heading style-1208 style-local-2659-c5 position-relative h-element\">\n                  <!---->\n                  <div class=\"h-heading__outer style-1208 style-local-2659-c5\">\n                    <!---->\n                    <!---->\n                    <h1 class=\"\">Vakances<\/h1>\n                  <\/div>\n                <\/div>\n              <\/div>\n            <\/div>\n          <\/div>\n        <\/div>\n      <\/div>\n      <div data-colibri-id=\"2659-c6\" class=\"h-row-container gutters-row-lg-2 gutters-row-md-2 gutters-row-0 gutters-row-v-lg-2 gutters-row-v-md-2 gutters-row-v-0 style-1202 style-local-2659-c6 position-relative\">\n        <!---->\n        <div class=\"h-row justify-content-lg-center justify-content-md-center justify-content-center align-items-lg-stretch align-items-md-stretch align-items-stretch gutters-col-lg-2 gutters-col-md-2 gutters-col-0 gutters-col-v-lg-2 gutters-col-v-md-2 gutters-col-v-0\">\n          <!---->\n          <div class=\"h-column h-column-container d-flex h-col-lg-auto h-col-md-auto h-col-auto style-1203-outer style-local-2659-c7-outer\">\n            <div data-colibri-id=\"2659-c7\" class=\"d-flex h-flex-basis h-column__inner h-px-lg-0 h-px-md-0 h-px-0 v-inner-lg-0 v-inner-md-0 v-inner-0 style-1203 style-local-2659-c7 position-relative\">\n              <!---->\n              <!---->\n              <div class=\"w-100 h-y-container h-column__content h-column__v-align flex-basis-100 align-self-lg-start align-self-md-start align-self-start\">\n                <!---->\n                <div data-colibri-id=\"2659-c8\" class=\"d-block style-1210 style-local-2659-c8 position-relative h-element\">\n                  <!---->\n                  <div class=\"h-image__frame-container-outer\">\n                    <div class=\"h-image__frame-container\">\n                      <!---->\n                      <!---->\n                      <img decoding=\"async\" loading=\"lazy\" width=\"1536\" height=\"1299\" src=\"https:\/\/l-ko.lv\/lv\/wp-content\/uploads\/2023\/03\/cropped-20201019_103838.jpg\" class=\"wp-image-3219 style-1210-image style-local-2659-c8-image\" srcset=\"https:\/\/l-ko.lv\/lv\/wp-content\/uploads\/2023\/03\/cropped-20201019_103838.jpg 1536w, https:\/\/l-ko.lv\/lv\/wp-content\/uploads\/2023\/03\/cropped-20201019_103838-300x254.jpg 300w, https:\/\/l-ko.lv\/lv\/wp-content\/uploads\/2023\/03\/cropped-20201019_103838-1024x866.jpg 1024w, https:\/\/l-ko.lv\/lv\/wp-content\/uploads\/2023\/03\/cropped-20201019_103838-768x650.jpg 768w, https:\/\/l-ko.lv\/lv\/wp-content\/uploads\/2023\/03\/cropped-20201019_103838-600x507.jpg 600w\" sizes=\"(max-width: 1536px) 100vw, 1536px\" alt=\"\" \/>\n                      <div class=\"h-image__frame h-hide-lg h-hide-md h-hide-sm style-1210-frameImage style-local-2659-c8-frameImage\"><\/div>\n                    <\/div>\n                  <\/div>\n                <\/div>\n              <\/div>\n            <\/div>\n          <\/div>\n          <div class=\"h-column h-column-container d-flex h-col-lg-auto h-col-md-auto h-col-auto style-1204-outer style-local-2659-c9-outer\">\n            <div data-colibri-id=\"2659-c9\" class=\"d-flex h-flex-basis h-column__inner h-px-lg-2 h-px-md-2 h-px-0 v-inner-lg-2 v-inner-md-2 v-inner-2 style-1204 style-local-2659-c9 position-relative\">\n              <!---->\n              <!---->\n              <div class=\"w-100 h-y-container h-column__content h-column__v-align flex-basis-100 align-self-lg-start align-self-md-start align-self-start\">\n                <!---->\n                <div data-colibri-id=\"2659-c10\" class=\"h-text h-text-component style-1209 style-local-2659-c10 position-relative h-element\">\n                  <!---->\n                  <!---->\n                  <div class=\"\">\n                    <p>CE\u013bU B\u016aVES STR\u0100DNIEKS<\/p>\n                  <\/div>\n                <\/div>\n                <div data-colibri-id=\"2659-c11\" class=\"h-text h-text-component style-1205 style-local-2659-c11 position-relative h-element\">\n                  <!---->\n                  <!---->\n                  <div class=\"\">\n                    <p><strong>Pras\u012bbas:<\/strong><\/p>\n                    <p><strong style=\"color: rgb(47, 190, 47); font-weight: 700; font-size: 16px; font-family: Montserrat;\">&#8211;<\/strong> Pieredze b\u016bvniec\u012bbas nozar\u0113;<\/p>\n                    <p><strong style=\"color: rgb(47, 190, 47); font-weight: 700; font-size: 16px; font-family: Montserrat;\">&#8211;<\/strong> Precizit\u0101te, atbild\u012bba;<\/p>\n                    <p><strong style=\"color: rgb(47, 190, 47); font-weight: 700; font-size: 16px; font-family: Montserrat;\">&#8211;<\/strong> Bez kait\u012bgiem ieradumiem;<\/p>\n                    <p><strong style=\"color: rgb(47, 190, 47); font-weight: 700; font-size: 16px; font-family: Montserrat;\">&#8211;<\/strong> Godpr\u0101t\u012bga attieksme pret darbu;<\/p>\n                    <p><strong style=\"color: rgb(47, 190, 47); font-weight: 700; font-size: 16px; font-family: Montserrat;\">&#8211;<\/strong> V\u0113lams B kategorijas autovad\u012bt\u0101ja apliec\u012bba.<\/p>\n                    <p>\n                      <br>\n                    <\/p>\n                    <p><strong>Pied\u0101v\u0101jam:<\/strong><\/p>\n                    <p><strong style=\"color: rgb(47, 190, 47); font-weight: 700; font-size: 16px; font-family: Montserrat;\">&#8211;<\/strong> Interesantu un dinamisku darbu stabil\u0101 uz\u0146\u0113mum\u0101;<\/p>\n                    <p><strong style=\"color: rgb(47, 190, 47); font-weight: 700; font-size: 16px; font-family: Montserrat;\">&#8211;<\/strong> Profesion\u0101l\u0101s izaugsmes iesp\u0113jas;<\/p>\n                    <p><strong style=\"color: rgb(47, 190, 47); font-weight: 700; font-size: 16px; font-family: Montserrat;\">&#8211;<\/strong> Motiv\u0113jo\u0161u atalgojumu no 1700 m\u0113nes\u012b pirms nodok\u013cu nomaksas;<\/p>\n                    <p><strong style=\"color: rgb(47, 190, 47); font-weight: 700; font-size: 16px; font-family: Montserrat;\">&#8211;<\/strong> Soci\u0101l\u0101s garantijas.<\/p>\n                    <p>\n                      <br>\n                    <\/p>\n                    <p>CV l\u016bdzam s\u016bt\u012bt uz e-pastu l-ko@l-ko.lv ar nor\u0101di \u201cCE\u013bU B\u016aVES STR\u0100DNIEKS\u201d.<\/p>\n                    <p>\n                      <br>\n                    <\/p>\n                    <p>Par atlases rezult\u0101tiem inform\u0113sim tikai uz darba p\u0101rrun\u0101m uzaicin\u0101tos pretendentus.<\/p>\n                    <p><em>Piesakoties vakancei, pretendents piekr\u012bt pieteikuma dokumentos nor\u0101d\u012bto personas datu apstr\u0101dei person\u0101la atlases proces\u0101.<\/em><\/p>\n                    <p><em>\ufeffPersonas datu p\u0101rzinis CBF \u201c\u013b-KO\u201d, re\u0123istr\u0101cijas nr.: 40003196584, adrese: Austuves iela 27, R\u012bga, LV-1063.<\/em><\/p>\n                  <\/div>\n                <\/div>\n                <div data-colibri-id=\"2659-c12\" class=\"h-text h-text-component style-1237 style-local-2659-c12 position-relative h-element\">\n                  <!---->\n                  <!---->\n                  <div class=\"\">\n                    <p>PIETEIKTIES<\/p>\n                  <\/div>\n                <\/div>\n                <div data-colibri-id=\"2659-c13\" class=\"h-row-container gutters-row-lg-2 gutters-row-md-2 gutters-row-0 gutters-row-v-lg-2 gutters-row-v-md-2 gutters-row-v-2 style-1238 style-local-2659-c13 position-relative\">\n                  <!---->\n                  <div class=\"h-row justify-content-lg-start justify-content-md-start justify-content-start align-items-lg-stretch align-items-md-stretch align-items-stretch gutters-col-lg-2 gutters-col-md-2 gutters-col-0 gutters-col-v-lg-2 gutters-col-v-md-2 gutters-col-v-2\">\n                    <!---->\n                    <div class=\"h-column h-column-container d-flex h-col-lg-auto h-col-md-auto h-col-auto style-1239-outer style-local-2659-c14-outer\">\n                      <div data-colibri-id=\"2659-c14\" class=\"d-flex h-flex-basis h-column__inner h-px-lg-2 h-px-md-2 h-px-2 v-inner-lg-2 v-inner-md-2 v-inner-2 style-1239 style-local-2659-c14 position-relative\">\n                        <!---->\n                        <!---->\n                        <div class=\"w-100 h-y-container h-column__content h-column__v-align flex-basis-100 align-self-lg-start align-self-md-start align-self-start\">\n                          <!---->\n                          <div data-colibri-id=\"2659-c15\" class=\"h-text h-text-component style-1235 style-local-2659-c15 position-relative h-element\">\n                            <!---->\n                            <!---->\n                            <div class=\"\">\n                              <div class=\"forminator-ui forminator-custom-form forminator-custom-form-2737 forminator-design--default  forminator_ajax\" data-forminator-render=\"0\" data-form=\"forminator-module-2737\" data-uid=\"69d82c05bc77c\"><br\/><\/div><form\n\t\t\t\tid=\"forminator-module-2737\"\n\t\t\t\tclass=\"forminator-ui forminator-custom-form forminator-custom-form-2737 forminator-design--default  forminator_ajax\"\n\t\t\t\tmethod=\"post\"\n\t\t\t\tdata-forminator-render=\"0\"\n\t\t\t\tdata-form-id=\"2737\"\n\t\t\t\t\n\t\t\t\tdata-design=\"default\"\n\t\t\t\t\n\t\t\t\t\n\t\t\t\t\n\t\t\t\tdata-grid=\"open\"\n\t\t\t\tenctype=\"multipart\/form-data\"\n\t\t\t\t\n\t\t\t\tstyle=\"display: none;\"\n\t\t\t\t\n\t\t\t\tdata-uid=\"69d82c05bc77c\"\n\t\t\t><div role=\"alert\" aria-live=\"polite\" class=\"forminator-response-message forminator-error\" aria-hidden=\"true\"><\/div><div class=\"forminator-row\"><div id=\"name-1\" class=\"forminator-col forminator-col-12 \"><div class=\"forminator-field\"><label for=\"forminator-field-name-1_69d82c05bc77c\" class=\"forminator-label\" id=\"forminator-field-name-1_69d82c05bc77c-label\">V\u0101rds Uzv\u0101rds <span class=\"forminator-required\">*<\/span><\/label><input type=\"text\" name=\"name-1\" value=\"\" placeholder=\"\" id=\"forminator-field-name-1_69d82c05bc77c\" class=\"forminator-input forminator-name--field\" aria-required=\"true\" \/><\/div><\/div><\/div><div class=\"forminator-row\"><div id=\"email-1\" class=\"forminator-col forminator-col-12 \"><div class=\"forminator-field\"><label for=\"forminator-field-email-1_69d82c05bc77c\" class=\"forminator-label\" id=\"forminator-field-email-1_69d82c05bc77c-label\">E-pasts <span class=\"forminator-required\">*<\/span><\/label><input type=\"email\" name=\"email-1\" value=\"\" placeholder=\"\" id=\"forminator-field-email-1_69d82c05bc77c\" class=\"forminator-input forminator-email--field\" data-required=\"1\" aria-required=\"true\" \/><\/div><\/div><\/div><div class=\"forminator-row\"><div id=\"phone-1\" class=\"forminator-col forminator-col-12 \"><div class=\"forminator-field\"><label for=\"forminator-field-phone-1_69d82c05bc77c\" class=\"forminator-label\" id=\"forminator-field-phone-1_69d82c05bc77c-label\">Telefons <span class=\"forminator-required\">*<\/span><\/label><input type=\"text\" name=\"phone-1\" value=\"\" placeholder=\"\" id=\"forminator-field-phone-1_69d82c05bc77c\" class=\"forminator-input forminator-field--phone\" data-required=\"1\" aria-required=\"true\" autocomplete=\"off\" \/><\/div><\/div><\/div><div class=\"forminator-row\"><div id=\"upload-1\" class=\"forminator-col forminator-col-12 \"><div class=\"forminator-field\"><label for=\"forminator-field-upload-1_69d82c05bc77c\" class=\"forminator-label\">Aug\u0161upiel\u0101d\u0113t CV <span class=\"forminator-required\">*<\/span><\/label><div class=\"forminator-file-upload \" data-element=\"upload-1_69d82c05bc77c\" aria-describedby=\"forminator-field-upload-1_69d82c05bc77c-description\"><input type=\"file\" name=\"upload-1\" id=\"forminator-field-upload-1_69d82c05bc77c\" class=\"forminator-input-file-required do-validate\" accept=\".webp,.pdf,.doc,.pot,.pps,.ppt,.wri,.mdb,.mpp,.docx,.docm,.dotx,.dotm,.onetoc,.onetoc2,.onetmp,.onepkg,.oxps,.xps,.odt,.odp,.odg,.odc,.odb,.odf,.wp,.wpd,.pages,.zip,.rar,.xlsx,.xla,.xls,.xlt,.xlw,.pptx\"><button id=\"forminator-field-upload-1_69d82c05bc77c_button\" class=\"forminator-button forminator-button-upload\" data-id=\"forminator-field-upload-1_69d82c05bc77c\">Choose File<\/button><span data-empty-text=\"No file chosen\">No file chosen<\/span><button class=\"forminator-button-delete\" style=\"display: none;\"><i class=\"forminator-icon-close\" aria-hidden=\"true\"><\/i><span class=\"forminator-screen-reader-only\">Delete uploaded file<\/span><\/button><\/div><\/div><\/div><\/div><div class=\"forminator-row\"><div id=\"captcha-1\" class=\"forminator-col forminator-col-12 \"><div class=\"forminator-g-recaptcha\" data-theme=\"light\"  data-sitekey=\"6LeGydAlAAAAABnsJbVHtb-HoldCfE-xQ-gApfUM\" data-size=\"normal\"><\/div> <\/div><\/div><input type=\"hidden\" name=\"referer_url\" value=\"\" \/><div class=\"forminator-row forminator-row-last\"><div class=\"forminator-col\"><div class=\"forminator-field\"><button class=\"forminator-button forminator-button-submit\">Nos\u016bt\u012bt pieteikumu<\/button><\/div><\/div><\/div><input type=\"hidden\" id=\"forminator_nonce\" name=\"forminator_nonce\" value=\"2e6a110a62\" \/><input type=\"hidden\" name=\"_wp_http_referer\" value=\"\/lv\/wp-json\/wp\/v2\/pages\/2659\" \/><input type=\"hidden\" name=\"form_id\" value=\"2737\"><input type=\"hidden\" name=\"page_id\" value=\"2659\"><input type=\"hidden\" name=\"form_type\" value=\"default\"><input type=\"hidden\" name=\"current_url\" value=\"https:\/\/l-ko.lv\/lv\/celu-buves-stradnieks\/\"><input type=\"hidden\" name=\"render_id\" value=\"0\"><input type=\"hidden\" name=\"action\" value=\"forminator_submit_form_custom-forms\"><\/form>\n                            <\/div>\n                          <\/div>\n                        <\/div>\n                      <\/div>\n                    <\/div>\n                  <\/div>\n                <\/div>\n              <\/div>\n            <\/div>\n          <\/div>\n        <\/div>\n      <\/div>\n    <\/div>\n  <\/div>\n<\/div>","protected":false},"excerpt":{"rendered":"<p>Vakances CE\u013bU B\u016aVES STR\u0100DNIEKS Pras\u012bbas: &#8211; Pieredze b\u016bvniec\u012bbas nozar\u0113; &#8211; Precizit\u0101te, atbild\u012bba; &#8211; Bez kait\u012bgiem ieradumiem; &#8211; Godpr\u0101t\u012bga attieksme pret darbu; &#8211; V\u0113lams B kategorijas autovad\u012bt\u0101ja apliec\u012bba. Pied\u0101v\u0101jam: &#8211; Interesantu un dinamisku darbu stabil\u0101 uz\u0146\u0113mum\u0101; &#8211; Profesion\u0101l\u0101s izaugsmes iesp\u0113jas; &#8211; Motiv\u0113jo\u0161u atalgojumu no 1700 m\u0113nes\u012b pirms nodok\u013cu nomaksas; &#8211; Soci\u0101l\u0101s garantijas. CV l\u016bdzam s\u016bt\u012bt uz [&hellip;]<\/p>\n","protected":false},"author":1,"featured_media":0,"parent":0,"menu_order":0,"comment_status":"closed","ping_status":"closed","template":"page-templates\/full-width-page.php","meta":[],"_links":{"self":[{"href":"https:\/\/l-ko.lv\/lv\/wp-json\/wp\/v2\/pages\/2659"}],"collection":[{"href":"https:\/\/l-ko.lv\/lv\/wp-json\/wp\/v2\/pages"}],"about":[{"href":"https:\/\/l-ko.lv\/lv\/wp-json\/wp\/v2\/types\/page"}],"author":[{"embeddable":true,"href":"https:\/\/l-ko.lv\/lv\/wp-json\/wp\/v2\/users\/1"}],"replies":[{"embeddable":true,"href":"https:\/\/l-ko.lv\/lv\/wp-json\/wp\/v2\/comments?post=2659"}],"version-history":[{"count":19,"href":"https:\/\/l-ko.lv\/lv\/wp-json\/wp\/v2\/pages\/2659\/revisions"}],"predecessor-version":[{"id":4054,"href":"https:\/\/l-ko.lv\/lv\/wp-json\/wp\/v2\/pages\/2659\/revisions\/4054"}],"wp:attachment":[{"href":"https:\/\/l-ko.lv\/lv\/wp-json\/wp\/v2\/media?parent=2659"}],"curies":[{"name":"wp","href":"https:\/\/api.w.org\/{rel}","templated":true}]}}